{"id":3,"date":"2024-07-30T19:13:52","date_gmt":"2024-07-30T19:13:52","guid":{"rendered":"https:\/\/interculturalexpats.com\/?page_id=3"},"modified":"2025-09-08T19:04:54","modified_gmt":"2025-09-08T19:04:54","slug":"privacy-policy","status":"publish","type":"page","link":"https:\/\/interculturalexpats.com\/en\/privacy-policy\/","title":{"rendered":"Privacy Policy"},"content":{"rendered":"<div data-elementor-type=\"wp-page\" data-elementor-id=\"3\" class=\"elementor elementor-3\" data-elementor-post-type=\"page\">\n\t\t\t\t<div class=\"elementor-element elementor-element-6d2e739 e-flex e-con-boxed e-con e-parent\" data-id=\"6d2e739\" data-element_type=\"container\">\n\t\t\t\t\t<div class=\"e-con-inner\">\n\t\t\t\t<div class=\"elementor-element elementor-element-c7ddf71 elementor-widget elementor-widget-text-editor\" data-id=\"c7ddf71\" data-element_type=\"widget\" id=\"Impressum\" data-widget_type=\"text-editor.default\">\n\t\t\t\t\t\t\t\t\t<h5><b>Impressum (Provisional)<\/b><\/h5>\n<p><b>Angaben gem\u00e4\u00df \u00a7 5 TMG<\/b><b><br \/><\/b> <i><span style=\"font-weight: 400;\">(Datos seg\u00fan \u00a7 5 TMG \u2013 Ley alemana de Telemedios)<\/span><\/i><\/p>\n<p><span style=\"font-weight: 400;\">Carmen Gabriela Finck (geboren Ochoa L\u00f3pez)<\/span><span style=\"font-weight: 400;\"><br \/><\/span><span style=\"font-weight: 400;\"> Rummelsburger Strasse 66<\/span><span style=\"font-weight: 400;\"><br \/><\/span><span style=\"font-weight: 400;\"> 10315 Berlin<\/span><\/p>\n<p><span style=\"font-weight: 400;\">\ud83d\udce7 E-Mail: hi@interculturalexpats.com<\/span><\/p>\n<p><b>Verantwortlich f\u00fcr den Inhalt nach \u00a7 55 Abs. 2 RStV:<\/b><b><br \/><\/b><span style=\"font-weight: 400;\"> Carmen Gabriela Finck (geboren Ochoa L\u00f3pez)<\/span><span style=\"font-weight: 400;\"><br \/><\/span> <i><span style=\"font-weight: 400;\">(Responsable del contenido seg\u00fan \u00a7 55 Abs. 2 RStV: <\/span><\/i><span style=\"font-weight: 400;\">Carmen Gabriela Finck (geboren Ochoa L\u00f3pez)<\/span><i><span style=\"font-weight: 400;\">)<\/span><\/i><\/p>\t\t\t\t\t\t\t\t<\/div>\n\t\t\t\t\t<\/div>\n\t\t\t\t<\/div>\n\t\t<div class=\"elementor-element elementor-element-5bff966 e-flex e-con-boxed e-con e-parent\" data-id=\"5bff966\" data-element_type=\"container\" id=\"privacidad\">\n\t\t\t\t\t<div class=\"e-con-inner\">\n\t\t\t\t<div class=\"elementor-element elementor-element-b659005 elementor-widget elementor-widget-text-editor\" data-id=\"b659005\" data-element_type=\"widget\" data-widget_type=\"text-editor.default\">\n\t\t\t\t\t\t\t\t\t<h5><b>Datenschutzerkl\u00e4rung \/ Pol\u00edtica de Privacidad\u00a0<\/b><\/h5>\n<p><b>Datenschutzerkl\u00e4rung<\/b><b><br \/><\/b> <i><span style=\"font-weight: 400;\">(Pol\u00edtica de privacidad)<\/span><\/i><\/p>\n<p><span style=\"font-weight: 400;\">Wir nehmen den Schutz Ihrer pers\u00f6nlichen Daten sehr ernst. Personenbezogene Daten werden auf dieser Webseite nur im notwendigen Umfang erhoben.<\/span><span style=\"font-weight: 400;\"><br \/><\/span> <i><span style=\"font-weight: 400;\">(Nos tomamos muy en serio la protecci\u00f3n de sus datos personales. Los datos personales en este sitio web se recopilan \u00fanicamente en la medida necesaria.)<\/span><\/i><\/p>\n<h6><b>1. Verantwortliche Stelle \/ Responsable<\/b><\/h6>\n<p><span style=\"font-weight: 400;\">Carmen Gabriela Finck (geboren Ochoa L\u00f3pez)<\/span><span style=\"font-weight: 400;\"><br \/><\/span><span style=\"font-weight: 400;\"> Rummelsburger Strasse 66<\/span><span style=\"font-weight: 400;\"><br \/><\/span><span style=\"font-weight: 400;\"> 10315 Berlin<\/span><span style=\"font-weight: 400;\"><br \/><\/span><span style=\"font-weight: 400;\"> \ud83d\udce7 E-Mail: hi@interculturalexpats.com<\/span><\/p>\n<h6><b>2. Erhebung und Verarbeitung von Daten \/ Recopilaci\u00f3n y procesamiento de datos<\/b><\/h6>\n<ul>\n<li style=\"font-weight: 400;\" aria-level=\"1\"><b>Server-Logfiles \/ Registros del servidor<\/b><span style=\"font-weight: 400;\">: Unser Hosting-Provider erhebt automatisch Daten (z. B. IP-Adresse, Browsertyp, Besuchszeit). Diese Daten werden ausschlie\u00dflich zur Sicherstellung des Betriebs der Webseite genutzt.<\/span><span style=\"font-weight: 400;\"><br \/><\/span> <i><span style=\"font-weight: 400;\">(Nuestro proveedor de hosting recopila autom\u00e1ticamente datos (p. ej. direcci\u00f3n IP, tipo de navegador, hora de visita). Estos datos se utilizan \u00fanicamente para garantizar el funcionamiento del sitio web).<\/span><\/i><i><span style=\"font-weight: 400;\"><br \/><br \/><\/span><\/i><\/li>\n<li style=\"font-weight: 400;\" aria-level=\"1\"><b>Kontaktformular \/ Formulario de contacto<\/b><span style=\"font-weight: 400;\">: Wenn Sie uns \u00fcber das Formular kontaktieren, speichern wir Ihre Angaben (Name, E-Mail, Nachricht) zur Bearbeitung der Anfrage.<\/span><span style=\"font-weight: 400;\"><br \/><\/span> <i><span style=\"font-weight: 400;\">(Si nos contacta a trav\u00e9s del formulario, almacenamos sus datos (nombre, correo electr\u00f3nico, mensaje) \u00fanicamente para procesar su solicitud).<\/span><\/i><i><span style=\"font-weight: 400;\"><br \/><br \/><\/span><\/i><\/li>\n<\/ul>\n<h6><b>3. Weitergabe von Daten \/ Cesi\u00f3n de datos<\/b><\/h6>\n<p><span style=\"font-weight: 400;\">Eine Weitergabe an Dritte erfolgt nicht, es sei denn, wir sind gesetzlich dazu verpflichtet.<\/span><span style=\"font-weight: 400;\"><br \/><\/span> <i><span style=\"font-weight: 400;\">(No se comparten datos con terceros, salvo obligaci\u00f3n legal.)<\/span><\/i><\/p>\n<h6><b>4. Cookies<\/b><\/h6>\n<p><span style=\"font-weight: 400;\">Falls diese Website Cookies verwendet, erfolgt dies ausschlie\u00dflich zur technischen Funktionalit\u00e4t. Tracking- oder Marketing-Cookies werden nicht ohne Ihre ausdr\u00fcckliche Einwilligung gesetzt.<\/span><span style=\"font-weight: 400;\"><br \/><\/span><\/p>\n<h6><b>5. Rechte der Nutzer \/ Derechos de los usuarios<\/b><\/h6>\n<p><span style=\"font-weight: 400;\">Sie haben jederzeit das Recht auf Auskunft, Berichtigung, L\u00f6schung und Einschr\u00e4nkung der Verarbeitung Ihrer Daten. Bitte kontaktieren Sie uns dazu per E-Mail.<\/span><span style=\"font-weight: 400;\"><br \/><\/span> <i><span style=\"font-weight: 400;\">(Usted tiene en todo momento el derecho de acceder, rectificar, eliminar o limitar el procesamiento de sus datos. Para ello, puede contactarnos por correo electr\u00f3nico.)<\/span><\/i><\/p>\n<h6><b>6. SSL-Verschl\u00fcsselung \/ Cifrado SSL<\/b><\/h6>\n<p><span style=\"font-weight: 400;\">Diese Seite nutzt aus Sicherheitsgr\u00fcnden eine SSL-Verschl\u00fcsselung.<\/span><span style=\"font-weight: 400;\"><br \/><\/span> <i><span style=\"font-weight: 400;\">(Este sitio utiliza cifrado SSL por motivos de seguridad.)<\/span><\/i><\/p>\t\t\t\t\t\t\t\t<\/div>\n\t\t\t\t\t<\/div>\n\t\t\t\t<\/div>\n\t\t<div class=\"elementor-element elementor-element-226dfdb2 e-flex e-con-boxed e-con e-parent\" data-id=\"226dfdb2\" data-element_type=\"container\">\n\t\t\t\t\t<div class=\"e-con-inner\">\n\t\t\t\t<div class=\"elementor-element elementor-element-4aed1d0d elementor-widget elementor-widget-text-editor\" data-id=\"4aed1d0d\" data-element_type=\"widget\" data-widget_type=\"text-editor.default\">\n\t\t\t\t\t\t\t\t\t\n<h2 class=\"wp-block-heading\">Who we are<\/h2>\n\n\n<p><strong class=\"privacy-policy-tutorial\">Suggested text: <\/strong>Our website address is: https:\/\/interculturalexpats.com.<\/p>\n\n\n<h2 class=\"wp-block-heading\">Comments<\/h2>\n\n\n<p><strong class=\"privacy-policy-tutorial\">Suggested text: <\/strong>When visitors leave comments on the site we collect the data shown in the comments form, and also the visitor&#8217;s IP address and browser user agent string to help spam detection.<\/p>\n\n\n<p>An anonymized string created from your email address (also called a hash) may be provided to the Gravatar service to see if you are using it. The Gravatar service privacy policy is available here: https:\/\/automattic.com\/privacy\/. After approval of your comment, your profile picture is visible to the public in the context of your comment.<\/p>\n\n\n<h2 class=\"wp-block-heading\">Media<\/h2>\n\n\n<p><strong class=\"privacy-policy-tutorial\">Suggested text: <\/strong>If you upload images to the website, you should avoid uploading images with embedded location data (EXIF GPS) included. Visitors to the website can download and extract any location data from images on the website.<\/p>\n\n\n<h2 class=\"wp-block-heading\">Cookies<\/h2>\n\n\n<p><strong class=\"privacy-policy-tutorial\">Suggested text: <\/strong>If you leave a comment on our site you may opt-in to saving your name, email address and website in cookies. These are for your convenience so that you do not have to fill in your details again when you leave another comment. These cookies will last for one year.<\/p>\n\n\n<p>If you visit our login page, we will set a temporary cookie to determine if your browser accepts cookies. This cookie contains no personal data and is discarded when you close your browser.<\/p>\n\n\n<p>When you log in, we will also set up several cookies to save your login information and your screen display choices. Login cookies last for two days, and screen options cookies last for a year. If you select &quot;Remember Me&quot;, your login will persist for two weeks. If you log out of your account, the login cookies will be removed.<\/p>\n\n\n<p>If you edit or publish an article, an additional cookie will be saved in your browser. This cookie includes no personal data and simply indicates the post ID of the article you just edited. It expires after 1 day.<\/p>\n\n\n<h2 class=\"wp-block-heading\">Embedded content from other websites<\/h2>\n\n\n<p><strong class=\"privacy-policy-tutorial\">Suggested text: <\/strong>Articles on this site may include embedded content (e.g. videos, images, articles, etc.). Embedded content from other websites behaves in the exact same way as if the visitor has visited the other website.<\/p>\n\n\n<p>These websites may collect data about you, use cookies, embed additional third-party tracking, and monitor your interaction with that embedded content, including tracking your interaction with the embedded content if you have an account and are logged in to that website.<\/p>\n\n\n<h2 class=\"wp-block-heading\">Who we share your data with<\/h2>\n\n\n<p><strong class=\"privacy-policy-tutorial\">Suggested text: <\/strong>If you request a password reset, your IP address will be included in the reset email.<\/p>\n\n\n<h2 class=\"wp-block-heading\">How long we retain your data<\/h2>\n\n\n<p><strong class=\"privacy-policy-tutorial\">Suggested text: <\/strong>If you leave a comment, the comment and its metadata are retained indefinitely. This is so we can recognize and approve any follow-up comments automatically instead of holding them in a moderation queue.<\/p>\n\n\n<p>For users that register on our website (if any), we also store the personal information they provide in their user profile. All users can see, edit, or delete their personal information at any time (except they cannot change their username). Website administrators can also see and edit that information.<\/p>\n\n\n<h2 class=\"wp-block-heading\">What rights you have over your data<\/h2>\n\n\n<p><strong class=\"privacy-policy-tutorial\">Suggested text: <\/strong>If you have an account on this site, or have left comments, you can request to receive an exported file of the personal data we hold about you, including any data you have provided to us. You can also request that we erase any personal data we hold about you. This does not include any data we are obliged to keep for administrative, legal, or security purposes.<\/p>\n\n\n<h2 class=\"wp-block-heading\">Where your data is sent<\/h2>\n\n\n<p><strong class=\"privacy-policy-tutorial\">Suggested text: <\/strong>Visitor comments may be checked through an automated spam detection service.<\/p>\n\n\t\t\t\t\t\t\t\t<\/div>\n\t\t\t\t\t<\/div>\n\t\t\t\t<\/div>\n\t\t\t\t<\/div>","protected":false},"excerpt":{"rendered":"<p>Impressum (Provisional) Angaben gem\u00e4\u00df \u00a7 5 TMG (Datos seg\u00fan \u00a7 5 TMG \u2013 Ley alemana de Telemedios) Carmen Gabriela Finck [&hellip;]<\/p>","protected":false},"author":1,"featured_media":0,"parent":0,"menu_order":0,"comment_status":"closed","ping_status":"closed","template":"elementor_canvas","meta":{"site-sidebar-layout":"default","site-content-layout":"","ast-site-content-layout":"default","site-content-style":"default","site-sidebar-style":"default","ast-global-header-display":"","ast-banner-title-visibility":"","ast-main-header-display":"","ast-hfb-above-header-display":"","ast-hfb-below-header-display":"","ast-hfb-mobile-header-display":"","site-post-title":"","ast-breadcrumbs-content":"","ast-featured-img":"","footer-sml-layout":"","theme-transparent-header-meta":"","adv-header-id-meta":"","stick-header-meta":"","header-above-stick-meta":"","header-main-stick-meta":"","header-below-stick-meta":"","astra-migrate-meta-layouts":"default","ast-page-background-enabled":"default","ast-page-background-meta":{"desktop":{"background-color":"var(--ast-global-color-5)","background-image":"","background-repeat":"repeat","background-position":"center center","background-size":"auto","background-attachment":"scroll","background-type":"","background-media":"","overlay-type":"","overlay-color":"","overlay-opacity":"","overlay-gradient":""},"tablet":{"background-color":"","background-image":"","background-repeat":"repeat","background-position":"center center","background-size":"auto","background-attachment":"scroll","background-type":"","background-media":"","overlay-type":"","overlay-color":"","overlay-opacity":"","overlay-gradient":""},"mobile":{"background-color":"","background-image":"","background-repeat":"repeat","background-position":"center center","background-size":"auto","background-attachment":"scroll","background-type":"","background-media":"","overlay-type":"","overlay-color":"","overlay-opacity":"","overlay-gradient":""}},"ast-content-background-meta":{"desktop":{"background-color":"var(--ast-global-color-4)","background-image":"","background-repeat":"repeat","background-position":"center center","background-size":"auto","background-attachment":"scroll","background-type":"","background-media":"","overlay-type":"","overlay-color":"","overlay-opacity":"","overlay-gradient":""},"tablet":{"background-color":"var(--ast-global-color-4)","background-image":"","background-repeat":"repeat","background-position":"center center","background-size":"auto","background-attachment":"scroll","background-type":"","background-media":"","overlay-type":"","overlay-color":"","overlay-opacity":"","overlay-gradient":""},"mobile":{"background-color":"var(--ast-global-color-4)","background-image":"","background-repeat":"repeat","background-position":"center center","background-size":"auto","background-attachment":"scroll","background-type":"","background-media":"","overlay-type":"","overlay-color":"","overlay-opacity":"","overlay-gradient":""}},"footnotes":""},"class_list":["post-3","page","type-page","status-publish","hentry"],"yoast_head":"<!-- This site is optimized with the Yoast SEO plugin v26.0 - https:\/\/yoast.com\/wordpress\/plugins\/seo\/ -->\n<title>Privacy Policy - Intercultural Expats<\/title>\n<meta name=\"robots\" content=\"index, follow, max-snippet:-1, max-image-preview:large, max-video-preview:-1\" \/>\n<link rel=\"canonical\" href=\"https:\/\/interculturalexpats.com\/en\/privacy-policy\/\" \/>\n<meta property=\"og:locale\" content=\"en_US\" \/>\n<meta property=\"og:type\" content=\"article\" \/>\n<meta property=\"og:title\" content=\"Privacy Policy - Intercultural Expats\" \/>\n<meta property=\"og:description\" content=\"Impressum (Provisional) Angaben gem\u00e4\u00df \u00a7 5 TMG (Datos seg\u00fan \u00a7 5 TMG \u2013 Ley alemana de Telemedios) Carmen Gabriela Finck [&hellip;]\" \/>\n<meta property=\"og:url\" content=\"https:\/\/interculturalexpats.com\/en\/privacy-policy\/\" \/>\n<meta property=\"og:site_name\" content=\"Intercultural Expats\" \/>\n<meta property=\"article:modified_time\" content=\"2025-09-08T19:04:54+00:00\" \/>\n<meta name=\"twitter:card\" content=\"summary_large_image\" \/>\n<meta name=\"twitter:label1\" content=\"Est. reading time\" \/>\n\t<meta name=\"twitter:data1\" content=\"5 minutes\" \/>\n<script type=\"application\/ld+json\" class=\"yoast-schema-graph\">{\"@context\":\"https:\/\/schema.org\",\"@graph\":[{\"@type\":\"WebPage\",\"@id\":\"https:\/\/interculturalexpats.com\/privacy-policy\/\",\"url\":\"https:\/\/interculturalexpats.com\/privacy-policy\/\",\"name\":\"Privacy Policy - Intercultural Expats\",\"isPartOf\":{\"@id\":\"https:\/\/interculturalexpats.com\/#website\"},\"datePublished\":\"2024-07-30T19:13:52+00:00\",\"dateModified\":\"2025-09-08T19:04:54+00:00\",\"breadcrumb\":{\"@id\":\"https:\/\/interculturalexpats.com\/privacy-policy\/#breadcrumb\"},\"inLanguage\":\"en-US\",\"potentialAction\":[{\"@type\":\"ReadAction\",\"target\":[\"https:\/\/interculturalexpats.com\/privacy-policy\/\"]}]},{\"@type\":\"BreadcrumbList\",\"@id\":\"https:\/\/interculturalexpats.com\/privacy-policy\/#breadcrumb\",\"itemListElement\":[{\"@type\":\"ListItem\",\"position\":1,\"name\":\"Home\",\"item\":\"https:\/\/interculturalexpats.com\/\"},{\"@type\":\"ListItem\",\"position\":2,\"name\":\"Privacy Policy\"}]},{\"@type\":\"WebSite\",\"@id\":\"https:\/\/interculturalexpats.com\/#website\",\"url\":\"https:\/\/interculturalexpats.com\/\",\"name\":\"Intercultural Expats\",\"description\":\"Talleres, sesiones y recursos para que puedas comprender, adaptarte y disfrutar del viaje intercultural con confianza, emoci\u00f3n y herramientas pr\u00e1cticas.\",\"publisher\":{\"@id\":\"https:\/\/interculturalexpats.com\/#organization\"},\"potentialAction\":[{\"@type\":\"SearchAction\",\"target\":{\"@type\":\"EntryPoint\",\"urlTemplate\":\"https:\/\/interculturalexpats.com\/?s={search_term_string}\"},\"query-input\":{\"@type\":\"PropertyValueSpecification\",\"valueRequired\":true,\"valueName\":\"search_term_string\"}}],\"inLanguage\":\"en-US\"},{\"@type\":\"Organization\",\"@id\":\"https:\/\/interculturalexpats.com\/#organization\",\"name\":\"Intercultural Expats\",\"url\":\"https:\/\/interculturalexpats.com\/\",\"logo\":{\"@type\":\"ImageObject\",\"inLanguage\":\"en-US\",\"@id\":\"https:\/\/interculturalexpats.com\/#\/schema\/logo\/image\/\",\"url\":\"https:\/\/interculturalexpats.com\/wp-content\/uploads\/2024\/07\/Logo_only-removebg-preview.png\",\"contentUrl\":\"https:\/\/interculturalexpats.com\/wp-content\/uploads\/2024\/07\/Logo_only-removebg-preview.png\",\"width\":509,\"height\":490,\"caption\":\"Intercultural Expats\"},\"image\":{\"@id\":\"https:\/\/interculturalexpats.com\/#\/schema\/logo\/image\/\"}}]}<\/script>\n<!-- \/ Yoast SEO plugin. -->","yoast_head_json":{"title":"Privacy Policy - Intercultural Expats","robots":{"index":"index","follow":"follow","max-snippet":"max-snippet:-1","max-image-preview":"max-image-preview:large","max-video-preview":"max-video-preview:-1"},"canonical":"https:\/\/interculturalexpats.com\/en\/privacy-policy\/","og_locale":"en_US","og_type":"article","og_title":"Privacy Policy - Intercultural Expats","og_description":"Impressum (Provisional) Angaben gem\u00e4\u00df \u00a7 5 TMG (Datos seg\u00fan \u00a7 5 TMG \u2013 Ley alemana de Telemedios) Carmen Gabriela Finck [&hellip;]","og_url":"https:\/\/interculturalexpats.com\/en\/privacy-policy\/","og_site_name":"Intercultural Expats","article_modified_time":"2025-09-08T19:04:54+00:00","twitter_card":"summary_large_image","twitter_misc":{"Est. reading time":"5 minutes"},"schema":{"@context":"https:\/\/schema.org","@graph":[{"@type":"WebPage","@id":"https:\/\/interculturalexpats.com\/privacy-policy\/","url":"https:\/\/interculturalexpats.com\/privacy-policy\/","name":"Privacy Policy - Intercultural Expats","isPartOf":{"@id":"https:\/\/interculturalexpats.com\/#website"},"datePublished":"2024-07-30T19:13:52+00:00","dateModified":"2025-09-08T19:04:54+00:00","breadcrumb":{"@id":"https:\/\/interculturalexpats.com\/privacy-policy\/#breadcrumb"},"inLanguage":"en-US","potentialAction":[{"@type":"ReadAction","target":["https:\/\/interculturalexpats.com\/privacy-policy\/"]}]},{"@type":"BreadcrumbList","@id":"https:\/\/interculturalexpats.com\/privacy-policy\/#breadcrumb","itemListElement":[{"@type":"ListItem","position":1,"name":"Home","item":"https:\/\/interculturalexpats.com\/"},{"@type":"ListItem","position":2,"name":"Privacy Policy"}]},{"@type":"WebSite","@id":"https:\/\/interculturalexpats.com\/#website","url":"https:\/\/interculturalexpats.com\/","name":"of Intercultural Expats","description":"Workshops, sessions and resources so that you can understand, adapt to and enjoy the trip cross-cultural trust, emotion, and practical tools.","publisher":{"@id":"https:\/\/interculturalexpats.com\/#organization"},"potentialAction":[{"@type":"SearchAction","target":{"@type":"EntryPoint","urlTemplate":"https:\/\/interculturalexpats.com\/?s={search_term_string}"},"query-input":{"@type":"PropertyValueSpecification","valueRequired":true,"valueName":"search_term_string"}}],"inLanguage":"en-US"},{"@type":"Organization","@id":"https:\/\/interculturalexpats.com\/#organization","name":"of Intercultural Expats","url":"https:\/\/interculturalexpats.com\/","logo":{"@type":"ImageObject","inLanguage":"en-US","@id":"https:\/\/interculturalexpats.com\/#\/schema\/logo\/image\/","url":"https:\/\/interculturalexpats.com\/wp-content\/uploads\/2024\/07\/Logo_only-removebg-preview.png","contentUrl":"https:\/\/interculturalexpats.com\/wp-content\/uploads\/2024\/07\/Logo_only-removebg-preview.png","width":509,"height":490,"caption":"Intercultural Expats"},"image":{"@id":"https:\/\/interculturalexpats.com\/#\/schema\/logo\/image\/"}}]}},"_links":{"self":[{"href":"https:\/\/interculturalexpats.com\/en\/wp-json\/wp\/v2\/pages\/3","targetHints":{"allow":["GET"]}}],"collection":[{"href":"https:\/\/interculturalexpats.com\/en\/wp-json\/wp\/v2\/pages"}],"about":[{"href":"https:\/\/interculturalexpats.com\/en\/wp-json\/wp\/v2\/types\/page"}],"author":[{"embeddable":true,"href":"https:\/\/interculturalexpats.com\/en\/wp-json\/wp\/v2\/users\/1"}],"replies":[{"embeddable":true,"href":"https:\/\/interculturalexpats.com\/en\/wp-json\/wp\/v2\/comments?post=3"}],"version-history":[{"count":5,"href":"https:\/\/interculturalexpats.com\/en\/wp-json\/wp\/v2\/pages\/3\/revisions"}],"predecessor-version":[{"id":710,"href":"https:\/\/interculturalexpats.com\/en\/wp-json\/wp\/v2\/pages\/3\/revisions\/710"}],"wp:attachment":[{"href":"https:\/\/interculturalexpats.com\/en\/wp-json\/wp\/v2\/media?parent=3"}],"curies":[{"name":"wp","href":"https:\/\/api.w.org\/{rel}","templated":true}]}}